{"id":5273,"date":"2025-03-11T08:43:28","date_gmt":"2025-03-11T08:43:28","guid":{"rendered":"https:\/\/www.docentesdecanarias.org\/?page_id=5273"},"modified":"2025-10-06T15:43:25","modified_gmt":"2025-10-06T15:43:25","slug":"afiliacion","status":"publish","type":"page","link":"https:\/\/www.docentesdecanarias.org\/old\/afiliacion\/","title":{"rendered":"Afiliaci\u00f3n"},"content":{"rendered":"\n<p><strong>Af\u00edliate a DOCENTES DE CANARIAS-INSUCAN (DCI) a trav\u00e9s de este formulario<\/strong><\/p>\n\n\n\n<ul class=\"wp-block-list\">\n<li>Puedes realizarlo de dos formas:\n<ul class=\"wp-block-list\">\n<li>a) UNA por:\u00a0\u00a0<strong><a href=\"https:\/\/www.docentesdecanarias.org\/old\/formulario-de-afiliacion\/\">Afiliaci\u00f3n de forma telem\u00e1tica a trav\u00e9s de formulario<\/a><\/strong><\/li>\n\n\n\n<li>b) DOS por: Afiliaci\u00f3n por la tradicional ficha en papel.\u00a0<a href=\"https:\/\/www.docentesdecanarias.org\/old\/wp-content\/uploads\/2025\/03\/Fichaafiliados-4.doc\" target=\"_blank\" rel=\"noreferrer noopener nofollow\"><strong>Formato word<\/strong><\/a>\u00a0\u00a0\u00a0<a href=\"https:\/\/www.docentesdecanarias.org\/wp-content\/old\/uploads\/2025\/03\/Fichaafiliados_pdf.pdf\" target=\"_blank\" rel=\"noreferrer noopener nofollow\">Formato pdf<\/a><\/li>\n<\/ul>\n<\/li>\n<\/ul>\n\n\n\n<ul class=\"wp-block-list\">\n<li>En caso de afiliaci\u00f3n en papel debes remitirnos la ficha a nuestro correo electr\u00f3nico:&nbsp;<a href=\"mailto:docentesdecanarias@insucan.org\">docentesdecanarias@insucan.org<\/a><\/li>\n<\/ul>\n\n\n\n<hr class=\"wp-block-separator has-alpha-channel-opacity\"\/>\n\n\n\n<ul class=\"wp-block-list\">\n<li>La cuota es de 6 euros mensuales, que se pueden abonar por cargo mensual en n\u00f3mina o por domiciliaci\u00f3n bancaria en pagos de 36 euros semestral.<\/li>\n<\/ul>\n\n\n\n<hr class=\"wp-block-separator has-alpha-channel-opacity\"\/>\n\n\n\n<p>E-mail:&nbsp;<strong><a href=\"mailto:docentesdecanarias@insucan.org\">docentesdecanarias@insucan.org<\/a><\/strong><\/p>\n\n\n\n<p><\/p>\n","protected":false},"excerpt":{"rendered":"<p>Af\u00edliate a DOCENTES DE CANARIAS-INSUCAN (DCI) a trav\u00e9s de este formulario E-mail:&nbsp;docentesdecanarias@insucan.org<\/p>\n","protected":false},"author":12,"featured_media":0,"parent":0,"menu_order":0,"comment_status":"closed","ping_status":"closed","template":"","meta":{"_bbp_topic_count":0,"_bbp_reply_count":0,"_bbp_total_topic_count":0,"_bbp_total_reply_count":0,"_bbp_voice_count":0,"_bbp_anonymous_reply_count":0,"_bbp_topic_count_hidden":0,"_bbp_reply_count_hidden":0,"_bbp_forum_subforum_count":0,"footnotes":""},"class_list":["post-5273","page","type-page","status-publish","hentry"],"_links":{"self":[{"href":"https:\/\/www.docentesdecanarias.org\/old\/wp-json\/wp\/v2\/pages\/5273","targetHints":{"allow":["GET"]}}],"collection":[{"href":"https:\/\/www.docentesdecanarias.org\/old\/wp-json\/wp\/v2\/pages"}],"about":[{"href":"https:\/\/www.docentesdecanarias.org\/old\/wp-json\/wp\/v2\/types\/page"}],"author":[{"embeddable":true,"href":"https:\/\/www.docentesdecanarias.org\/old\/wp-json\/wp\/v2\/users\/12"}],"replies":[{"embeddable":true,"href":"https:\/\/www.docentesdecanarias.org\/old\/wp-json\/wp\/v2\/comments?post=5273"}],"version-history":[{"count":9,"href":"https:\/\/www.docentesdecanarias.org\/old\/wp-json\/wp\/v2\/pages\/5273\/revisions"}],"predecessor-version":[{"id":6298,"href":"https:\/\/www.docentesdecanarias.org\/old\/wp-json\/wp\/v2\/pages\/5273\/revisions\/6298"}],"wp:attachment":[{"href":"https:\/\/www.docentesdecanarias.org\/old\/wp-json\/wp\/v2\/media?parent=5273"}],"curies":[{"name":"wp","href":"https:\/\/api.w.org\/{rel}","templated":true}]}}