{"id":4765,"date":"2024-09-13T10:30:52","date_gmt":"2024-09-13T10:30:52","guid":{"rendered":"https:\/\/www.docentesdecanarias.org\/?page_id=4765"},"modified":"2025-03-17T10:24:34","modified_gmt":"2025-03-17T10:24:34","slug":"licencia-por-estudios","status":"publish","type":"page","link":"https:\/\/www.docentesdecanarias.org\/old\/licencia-por-estudios\/","title":{"rendered":"Licencia por estudios"},"content":{"rendered":"<div class=\"wp-block-image\">\n<figure class=\"aligncenter\"><img decoding=\"async\" src=\"https:\/\/www.gobiernodecanarias.org\/cmsweb\/export\/sites\/educacion\/web\/personal\/docente\/_imagenes\/imagenesceuseducacion\/licencias_estudios.jpg\" alt=\"\"\/><\/figure>\n<\/div>\n\n\n<p class=\"has-black-color has-text-color has-link-color wp-elements-086d9f2a71d0a8c5ec71a4e6e197c5a4\"><strong>[30\/07\/2024]<\/strong>&nbsp;Resoluci\u00f3n N.\u00ba 3865\/2024 de la Direcci\u00f3n General de Personal y Formaci\u00f3n del Profesorado de la Consejer\u00eda de Educaci\u00f3n, Formaci\u00f3n Profesional, Actividad F\u00edsica y Deportes del Gobierno de Canarias, por la que se conceden licencias por estudios sin retribuci\u00f3n, para el curso 2024\/2025.<\/p>\n\n\n\n<p><strong>Fecha de publicaci\u00f3n:<\/strong>&nbsp;30 de julio de 2024.&nbsp;<\/p>\n\n\n\n<p>Para m\u00e1s informaci\u00f3n, pincha en el siguiente enlace:&nbsp;<a href=\"https:\/\/www.gobiernodecanarias.org\/educacion\/web\/personal\/docente\/procedimientos\/licencias-permisos\/estudio\/2024-25\/listado-definitivo-admitidos-y-excluidos\/\">Licencia por estudios<\/a><\/p>\n\n\n\n<p><\/p>\n","protected":false},"excerpt":{"rendered":"<p>[30\/07\/2024]&nbsp;Resoluci\u00f3n N.\u00ba 3865\/2024 de la Direcci\u00f3n General de Personal y Formaci\u00f3n del Profesorado de la Consejer\u00eda de Educaci\u00f3n, Formaci\u00f3n Profesional, Actividad F\u00edsica y Deportes del Gobierno de Canarias, por la que se conceden licencias por estudios sin retribuci\u00f3n, para el curso 2024\/2025. Fecha de publicaci\u00f3n:&nbsp;30 de julio de 2024.&nbsp; Para m\u00e1s informaci\u00f3n, pincha en el&#8230;<\/p>\n<p class=\"more-link-wrap\"><a href=\"https:\/\/www.docentesdecanarias.org\/old\/licencia-por-estudios\/\" class=\"more-link\">Leer m\u00e1s<span class=\"screen-reader-text\"> &ldquo;Licencia por estudios&rdquo;<\/span> &raquo;<\/a><\/p>\n","protected":false},"author":12,"featured_media":0,"parent":0,"menu_order":0,"comment_status":"closed","ping_status":"closed","template":"","meta":{"_bbp_topic_count":0,"_bbp_reply_count":0,"_bbp_total_topic_count":0,"_bbp_total_reply_count":0,"_bbp_voice_count":0,"_bbp_anonymous_reply_count":0,"_bbp_topic_count_hidden":0,"_bbp_reply_count_hidden":0,"_bbp_forum_subforum_count":0,"footnotes":""},"class_list":["post-4765","page","type-page","status-publish","hentry"],"_links":{"self":[{"href":"https:\/\/www.docentesdecanarias.org\/old\/wp-json\/wp\/v2\/pages\/4765","targetHints":{"allow":["GET"]}}],"collection":[{"href":"https:\/\/www.docentesdecanarias.org\/old\/wp-json\/wp\/v2\/pages"}],"about":[{"href":"https:\/\/www.docentesdecanarias.org\/old\/wp-json\/wp\/v2\/types\/page"}],"author":[{"embeddable":true,"href":"https:\/\/www.docentesdecanarias.org\/old\/wp-json\/wp\/v2\/users\/12"}],"replies":[{"embeddable":true,"href":"https:\/\/www.docentesdecanarias.org\/old\/wp-json\/wp\/v2\/comments?post=4765"}],"version-history":[{"count":1,"href":"https:\/\/www.docentesdecanarias.org\/old\/wp-json\/wp\/v2\/pages\/4765\/revisions"}],"predecessor-version":[{"id":4766,"href":"https:\/\/www.docentesdecanarias.org\/old\/wp-json\/wp\/v2\/pages\/4765\/revisions\/4766"}],"wp:attachment":[{"href":"https:\/\/www.docentesdecanarias.org\/old\/wp-json\/wp\/v2\/media?parent=4765"}],"curies":[{"name":"wp","href":"https:\/\/api.w.org\/{rel}","templated":true}]}}