{"id":4140,"date":"2024-06-01T11:01:56","date_gmt":"2024-06-01T11:01:56","guid":{"rendered":"https:\/\/www.docentesdecanarias.org\/?page_id=4140"},"modified":"2025-03-17T10:24:30","modified_gmt":"2025-03-17T10:24:30","slug":"canal-etico","status":"publish","type":"page","link":"https:\/\/www.docentesdecanarias.org\/old\/canal-etico\/","title":{"rendered":"Canal \u00e9tico"},"content":{"rendered":"\n<p>El presente canal \u00e9tico est\u00e1 dedicado exclusivamente pora dirigir denuncias por incumplimientos legales de la organizaci\u00f3n o sus integrantes, en los t\u00e9rminos y condiciones de la Ley 2\/2023, de 20 de febrero, reguladora de lo protecci\u00f3n de las personas que informen sobre infracciones normativos y de lucha contra la corrupci\u00f3n.<\/p>\n\n\n\n<p>Si tiene cualquier duda sobre otras cuestiones puede contactamos a trav\u00e9s de otros canales disponibles en la p\u00e1gina web.<\/p>\n\n\n\n<p><strong>\u00bfQu\u00e9 se consideran incumplimientos normativos?<\/strong><\/p>\n\n\n\n<p>A titulo de ejemplo, sin \u00e1nimo excluyente ni limitativo, se consideran incumplimientos normativos, entre otros:<\/p>\n\n\n\n<ul class=\"wp-block-list\">\n<li>Fraudes y estafas<\/li>\n\n\n\n<li>Blanqueo de capitales<\/li>\n\n\n\n<li>Evasi\u00f3n o elusi\u00f3n de impuestos<\/li>\n\n\n\n<li>Delitos contra la propiedad intelectual o industrial<\/li>\n\n\n\n<li>Competencia desleal<\/li>\n\n\n\n<li>Delitos contra el mercado o los consumidores<\/li>\n\n\n\n<li>Corrupci\u00f3n interna<\/li>\n\n\n\n<li>Irregularidades con la Seguridad Social o la Agencia Tributaria<\/li>\n\n\n\n<li>Incumplimiento de la normativa sobre protecci\u00f3n de datos<\/li>\n\n\n\n<li>Revelaci\u00f3n de secretos empresariales<\/li>\n\n\n\n<li>Malversaci\u00f3n<\/li>\n\n\n\n<li>Delitos contra el medio ambiente y la salud p\u00fablica<\/li>\n\n\n\n<li>Vulneraci\u00f3n de derechos de los trabajadores<\/li>\n<\/ul>\n\n\n\n<p><strong>\u00bfQui\u00e9n puede presentar una comunicaci\u00f3n?<\/strong><\/p>\n\n\n\n<p>Cualquier persona de la empresa y aquellas personas externas que est\u00e9n o hayan estado vinculados o relacionadas con la mismo en un contexto laboral o profesional.<\/p>\n\n\n\n<p><strong>\u00bfC\u00f3mo puedo realizar una comunicaci\u00f3n?<\/strong><\/p>\n\n\n\n<p>Se puede cursar de forma verbal, escrita o presencial siguiendo los pasos indicados en el lormulario del Canal \u00c9tico. Asimismo, la comunicaci\u00f3n puede ser an\u00f3nima.<\/p>\n\n\n\n<p><strong>\u00bfC\u00f3mo se tramitar\u00e1 la comunicaci\u00f3n?<\/strong><\/p>\n\n\n\n<p>Se tramitar\u00e1 garantizando la confidencialidad y prohibici\u00f3n de represalias a la persona informante.<\/p>\n\n\n\n<p><strong>\u00bfSe garantiza la protecci\u00f3n a lo persona informante?<\/strong><\/p>\n\n\n\n<p>El sistema interno de informaci\u00f3n re\u00fane las garant\u00edas de confidencialidad, respeto a la independencia, la protecci\u00f3n de datos, secreto de las comunicaciones y las pr\u00e1cticos correctas de seguimiento, investigaci\u00f3n y protecci\u00f3n de la persona informante.<\/p>\n\n\n\n<p><a href=\"https:\/\/canal-etico.lant-abogados.com\/Specific\/MVistaPublica?codiClient=MDAxNzc2&amp;secure=165806.0\">Acceso canal \u00e9tico<\/a><\/p>\n","protected":false},"excerpt":{"rendered":"<p>El presente canal \u00e9tico est\u00e1 dedicado exclusivamente pora dirigir denuncias por incumplimientos legales de la organizaci\u00f3n o sus integrantes, en los t\u00e9rminos y condiciones de la Ley 2\/2023, de 20 de febrero, reguladora de lo protecci\u00f3n de las personas que informen sobre infracciones normativos y de lucha contra la corrupci\u00f3n. Si tiene cualquier duda sobre&#8230;<\/p>\n<p class=\"more-link-wrap\"><a href=\"https:\/\/www.docentesdecanarias.org\/old\/canal-etico\/\" class=\"more-link\">Leer m\u00e1s<span class=\"screen-reader-text\"> &ldquo;Canal \u00e9tico&rdquo;<\/span> &raquo;<\/a><\/p>\n","protected":false},"author":12,"featured_media":0,"parent":0,"menu_order":0,"comment_status":"closed","ping_status":"closed","template":"","meta":{"_bbp_topic_count":0,"_bbp_reply_count":0,"_bbp_total_topic_count":0,"_bbp_total_reply_count":0,"_bbp_voice_count":0,"_bbp_anonymous_reply_count":0,"_bbp_topic_count_hidden":0,"_bbp_reply_count_hidden":0,"_bbp_forum_subforum_count":0,"footnotes":""},"class_list":["post-4140","page","type-page","status-publish","hentry"],"_links":{"self":[{"href":"https:\/\/www.docentesdecanarias.org\/old\/wp-json\/wp\/v2\/pages\/4140","targetHints":{"allow":["GET"]}}],"collection":[{"href":"https:\/\/www.docentesdecanarias.org\/old\/wp-json\/wp\/v2\/pages"}],"about":[{"href":"https:\/\/www.docentesdecanarias.org\/old\/wp-json\/wp\/v2\/types\/page"}],"author":[{"embeddable":true,"href":"https:\/\/www.docentesdecanarias.org\/old\/wp-json\/wp\/v2\/users\/12"}],"replies":[{"embeddable":true,"href":"https:\/\/www.docentesdecanarias.org\/old\/wp-json\/wp\/v2\/comments?post=4140"}],"version-history":[{"count":1,"href":"https:\/\/www.docentesdecanarias.org\/old\/wp-json\/wp\/v2\/pages\/4140\/revisions"}],"predecessor-version":[{"id":4141,"href":"https:\/\/www.docentesdecanarias.org\/old\/wp-json\/wp\/v2\/pages\/4140\/revisions\/4141"}],"wp:attachment":[{"href":"https:\/\/www.docentesdecanarias.org\/old\/wp-json\/wp\/v2\/media?parent=4140"}],"curies":[{"name":"wp","href":"https:\/\/api.w.org\/{rel}","templated":true}]}}