{"id":4013,"date":"2024-05-22T10:49:40","date_gmt":"2024-05-22T10:49:40","guid":{"rendered":"https:\/\/www.docentesdecanarias.org\/?page_id=4013"},"modified":"2025-03-17T19:20:41","modified_gmt":"2025-03-17T19:20:41","slug":"contactos","status":"publish","type":"page","link":"https:\/\/www.docentesdecanarias.org\/old\/contactos\/","title":{"rendered":"Contactos"},"content":{"rendered":"\n<div class=\"wp-block-columns is-layout-flex wp-container-core-columns-is-layout-9d6595d7 wp-block-columns-is-layout-flex\">\n<div class=\"wp-block-column is-layout-flow wp-block-column-is-layout-flow\" style=\"flex-basis:100%\">\n<div class=\"wp-block-cover alignfull is-light pressbook-hero-section pressbook-hero-bg-color\" style=\"min-height:315px;aspect-ratio:unset;\"><span aria-hidden=\"true\" class=\"wp-block-cover__background has-background-dim-100 has-background-dim has-background-gradient\" style=\"background:linear-gradient(122deg,rgba(6,147,227,1) 0%,rgb(155,81,224) 100%)\"><\/span><div class=\"wp-block-cover__inner-container is-layout-flow wp-block-cover-is-layout-flow\">\n<div class=\"wp-block-group u-wrapper\"><div class=\"wp-block-group__inner-container is-layout-flow wp-block-group-is-layout-flow\">\n<h2 class=\"wp-block-heading has-text-align-center pressbook-hero-section__title has-white-color has-text-color\">Contactos<\/h2>\n\n\n\n<p class=\"has-text-align-center pressbook-hero-section__desc has-white-color has-text-color\"><br>DOCENTES DE CANARIAS-INSUCAN (DCI)<\/p>\n<\/div><\/div>\n<\/div><\/div>\n<\/div>\n<\/div>\n\n\n\n<p>&nbsp;<\/p>\n\n\n\n<div class=\"wp-block-columns is-layout-flex wp-container-core-columns-is-layout-9d6595d7 wp-block-columns-is-layout-flex\">\n<div class=\"wp-block-column is-layout-flow wp-block-column-is-layout-flow\" style=\"flex-basis:100%\">\n<div class=\"wp-block-media-text alignwide has-media-on-the-right is-stacked-on-mobile is-vertically-aligned-center has-background\" style=\"background-color:#f1f5c7;grid-template-columns:auto 25%\"><div class=\"wp-block-media-text__content\">\n<div class=\"wp-block-group\" style=\"padding-top:2em;padding-right:2em;padding-bottom:2em;padding-left:2em\"><div class=\"wp-block-group__inner-container is-layout-flow wp-block-group-is-layout-flow\">\n<p style=\"font-size:36px;line-height:1.2\"><strong>Sede de Gran Canaria<\/strong><\/p>\n\n\n\n<blockquote class=\"wp-block-quote is-layout-flow wp-block-quote-is-layout-flow\">\n<p><a href=\"https:\/\/maps.google.com\/maps?q=Plaza%20de%20Sta.%20Isabel%2C%20n%C2%BA%201%2C%2035001%20Las%20Palmas%20de%20Gran%20Canaria%2C%20Las%20Palmas%2C%20Espa%C3%B1a&amp;hl=es&amp;authuser=0\" target=\"_blank\" rel=\"noreferrer noopener\">Plaza de Santa Isabel, n\u00ba 1, 35001 Las Palmas de Gran Canaria, Las Palmas<\/a><\/p>\n\n\n\n<p>Horario de ma\u00f1ana de <strong>9 a 14<\/strong>.<\/p>\n\n\n\n<p>Para atenci\u00f3n en otro horario, pedir&nbsp;cita por tel\u00e9fono.<\/p>\n<\/blockquote>\n\n\n\n<ul class=\"wp-block-list\">\n<li><strong><a href=\"mailto:docentesdecanarias@insucan.org\" target=\"_blank\" rel=\"noreferrer noopener\">docentesdecanarias@insucan.org<\/a><\/strong><\/li>\n\n\n\n<li><strong>V\u00edctor<\/strong> 629 28 28 33<\/li>\n\n\n\n<li><strong>Daniel <\/strong>605 79 43 09<\/li>\n\n\n\n<li><strong>Enrique<\/strong> 605 79 43 07<\/li>\n<\/ul>\n\n\n\n<div class=\"wp-block-group is-nowrap is-layout-flex wp-container-core-group-is-layout-ad2f72ca wp-block-group-is-layout-flex\">\n<div class=\"wp-block-group is-vertical is-layout-flex wp-container-core-group-is-layout-8cf370e7 wp-block-group-is-layout-flex\">\n<p class=\"has-text-align-left\"><span style=\"font-family: Inter, Arial, Helvetica, sans-serif; white-space-collapse: collapse;\">Para&nbsp;<\/span><em style=\"box-sizing: inherit; font-family: Inter, Arial, Helvetica, sans-serif; white-space-collapse: collapse;\">Lanzarote, Fuerteventura, La Graciosa<\/em><span style=\"font-family: Inter, Arial, Helvetica, sans-serif; white-space-collapse: collapse;\">:<\/span><span style=\"font-family: Inter, Arial, Helvetica, sans-serif; white-space-collapse: collapse;\">&nbsp;<\/span><\/p>\n\n\n\n<p class=\"has-text-align-left\"><span style=\"box-sizing: inherit; font-weight: bolder; font-family: Inter, Arial, Helvetica, sans-serif; white-space-collapse: collapse;\">Seraf\u00edn<\/span><span style=\"font-family: Inter, Arial, Helvetica, sans-serif; white-space-collapse: collapse;\">&nbsp;676 62 43 35<\/span><\/p>\n<\/div>\n<\/div>\n<\/div><\/div>\n<\/div><figure class=\"wp-block-media-text__media\"><img loading=\"lazy\" decoding=\"async\" width=\"200\" height=\"200\" src=\"https:\/\/www.docentesdecanarias.org\/wp-content\/uploads\/2024\/05\/gran-canaria.png\" alt=\"\" class=\"wp-image-4090 size-full\" srcset=\"https:\/\/www.docentesdecanarias.org\/old\/wp-content\/uploads\/2024\/05\/gran-canaria.png 200w, https:\/\/www.docentesdecanarias.org\/old\/wp-content\/uploads\/2024\/05\/gran-canaria-150x150.png 150w\" sizes=\"auto, (max-width: 200px) 100vw, 200px\" \/><\/figure><\/div>\n\n\n\n<div class=\"wp-block-media-text alignwide is-stacked-on-mobile is-vertically-aligned-center has-background\" style=\"background-color:#fffdea;grid-template-columns:18% auto\"><figure class=\"wp-block-media-text__media\"><img loading=\"lazy\" decoding=\"async\" width=\"200\" height=\"200\" src=\"https:\/\/www.docentesdecanarias.org\/wp-content\/uploads\/2024\/05\/tenerife.png\" alt=\"\" class=\"wp-image-4092 size-full\" srcset=\"https:\/\/www.docentesdecanarias.org\/old\/wp-content\/uploads\/2024\/05\/tenerife.png 200w, https:\/\/www.docentesdecanarias.org\/old\/wp-content\/uploads\/2024\/05\/tenerife-150x150.png 150w\" sizes=\"auto, (max-width: 200px) 100vw, 200px\" \/><\/figure><div class=\"wp-block-media-text__content\">\n<div class=\"wp-block-group\" style=\"padding-top:2em;padding-right:2em;padding-bottom:2em;padding-left:2em\"><div class=\"wp-block-group__inner-container is-layout-flow wp-block-group-is-layout-flow\">\n<p style=\"font-size:36px;line-height:1.2\"><strong><strong>SEDE TENERIFE<\/strong><\/strong><\/p>\n\n\n\n<blockquote class=\"wp-block-quote is-layout-flow wp-block-quote-is-layout-flow\">\n<p><a href=\"https:\/\/maps.google.com\/maps?q=Gara%20y%20Jonay%2C%20n%C2%BA%201%2C%20CEEE%20Hermano%20Pedro%2C%2038010%20Santa%20Cruz%20de%20Tenerife%2C%20Espa%C3%B1a&amp;hl=es&amp;authuser=0\" target=\"_blank\" rel=\"noreferrer noopener\">Gara y Jonay, n\u00ba 1, CEEE Hermano Pedro, 38010 Santa Cruz de Tenerife<\/a><\/p>\n\n\n\n<p>Horario de ma\u00f1ana<strong> 9 a 14<\/strong><\/p>\n\n\n\n<p>Tarde:<strong> martes y jueves, de 16:00 a 18:00<\/strong><\/p>\n\n\n\n<p>Para atenci\u00f3n en otro horario, pedir&nbsp;cita por tel\u00e9fono.<\/p>\n\n\n\n<p class=\"has-extra-small-font-size\">&nbsp;<\/p>\n<\/blockquote>\n\n\n\n<ul class=\"wp-block-list\">\n<li><strong><a href=\"mailto:docentesdecanarias@insucan.org\" target=\"_blank\" rel=\"noreferrer noopener\">docentesdecanarias@insucan.org<\/a><\/strong><\/li>\n\n\n\n<li><strong>Evelin<\/strong> 696 70 39 08<\/li>\n\n\n\n<li><strong>Mulay<\/strong> 699 67 65 99<\/li>\n\n\n\n<li><strong>Yamil\u00e9<\/strong> 613 81 27 65<\/li>\n<\/ul>\n\n\n\n<div class=\"wp-block-group is-vertical is-layout-flex wp-container-core-group-is-layout-8cf370e7 wp-block-group-is-layout-flex\">\n<p>Para La Palma: <strong>Enrique<\/strong> 605 79 43 07<\/p>\n\n\n\n<p>Para La Gomera:<strong> Yamil\u00e9<\/strong> 613 81 27 65<br>Para El Hierro: <strong>Mulay<\/strong> 699 67 65 99<\/p>\n<\/div>\n<\/div><\/div>\n<\/div><\/div>\n<\/div>\n<\/div>\n\n\n\n<div class=\"wp-block-group\"><div class=\"wp-block-group__inner-container is-layout-constrained wp-block-group-is-layout-constrained\">\n<h2 class=\"wp-block-heading has-text-align-center\">Para recibir notificaciones por Whatsapp<\/h2>\n\n\n\n<p class=\"has-text-align-center\"><strong>Tel\u00e9fono:<\/strong>&nbsp;638 03 51 54&nbsp;<\/p>\n\n\n\n<p class=\"has-text-align-center\">(Deben tenerlo en la agenda del tel\u00e9fono para poder recibir mensaje por lista de difusi\u00f3n).<br><strong><mark style=\"background-color:rgba(0, 0, 0, 0)\" class=\"has-inline-color has-luminous-vivid-amber-color\">N\u00famero solo para DIFUSI\u00d3N, no es atendido para dudas.<\/mark><\/strong><\/p>\n<\/div><\/div>\n\n\n\n<div class=\"wp-block-group\"><div class=\"wp-block-group__inner-container is-layout-constrained wp-block-group-is-layout-constrained\">\n<h2 class=\"wp-block-heading has-text-align-center\">Web<\/h2>\n\n\n\n<p class=\"has-text-align-center\"><a href=\"http:\/\/www.docentesdecanarias.org\/insucan\">http:\/\/www.docentesdecanarias.org\/insucan<\/a><\/p>\n<\/div><\/div>\n\n\n\n<div class=\"wp-block-columns is-layout-flex wp-container-core-columns-is-layout-9d6595d7 wp-block-columns-is-layout-flex\">\n<div class=\"wp-block-column is-layout-flow wp-block-column-is-layout-flow\" style=\"flex-basis:100%\">\n<div class=\"wp-block-group\"><div class=\"wp-block-group__inner-container is-layout-constrained wp-block-group-is-layout-constrained\">\n<p class=\"has-text-align-center\"><strong>FACEBOOK\/META<\/strong><\/p>\n\n\n\n<p class=\"has-text-align-center\"><a href=\"https:\/\/www.facebook.com\/insucan.sindicatodocentescanarias\">https:\/\/www.facebook.com\/insucan.sindicatodocentescanarias<\/a><\/p>\n<\/div><\/div>\n\n\n\n<div class=\"wp-block-group\"><div class=\"wp-block-group__inner-container is-layout-constrained wp-block-group-is-layout-constrained\">\n<p class=\"has-text-align-center\"><strong>X \/ Anteriormente Twitter<\/strong><\/p>\n<\/div><\/div>\n\n\n\n<p class=\"has-text-align-center\"><a href=\"https:\/\/twitter.com\/insucandc\" target=\"_blank\" rel=\"noreferrer noopener\">https:\/\/twitter.com\/insucandc<\/a><\/p>\n\n\n\n<div class=\"wp-block-columns is-layout-flex wp-container-core-columns-is-layout-9d6595d7 wp-block-columns-is-layout-flex\">\n<div class=\"wp-block-column is-layout-flow wp-block-column-is-layout-flow\"><\/div>\n<\/div>\n<\/div>\n<\/div>\n\n\n\n<div class=\"wp-block-columns is-layout-flex wp-container-core-columns-is-layout-9d6595d7 wp-block-columns-is-layout-flex\">\n<div class=\"wp-block-column is-layout-flow wp-block-column-is-layout-flow\" style=\"flex-basis:100%\"><\/div>\n<\/div>\n\n\n\n<p>&nbsp;<\/p>\n\n\n\n<p><\/p>\n","protected":false},"excerpt":{"rendered":"<p>&nbsp; Sede de Gran Canaria Plaza de Santa Isabel, n\u00ba 1, 35001 Las Palmas de Gran Canaria, Las Palmas Horario de ma\u00f1ana de 9 a 14. Para atenci\u00f3n en otro horario, pedir&nbsp;cita por tel\u00e9fono. Para&nbsp;Lanzarote, Fuerteventura, La Graciosa:&nbsp; Seraf\u00edn&nbsp;676 62 43 35 SEDE TENERIFE Gara y Jonay, n\u00ba 1, CEEE Hermano Pedro, 38010 Santa Cruz&#8230;<\/p>\n<p class=\"more-link-wrap\"><a href=\"https:\/\/www.docentesdecanarias.org\/old\/contactos\/\" class=\"more-link\">Leer m\u00e1s<span class=\"screen-reader-text\"> &ldquo;Contactos&rdquo;<\/span> &raquo;<\/a><\/p>\n","protected":false},"author":12,"featured_media":0,"parent":0,"menu_order":0,"comment_status":"closed","ping_status":"closed","template":"","meta":{"_bbp_topic_count":0,"_bbp_reply_count":0,"_bbp_total_topic_count":0,"_bbp_total_reply_count":0,"_bbp_voice_count":0,"_bbp_anonymous_reply_count":0,"_bbp_topic_count_hidden":0,"_bbp_reply_count_hidden":0,"_bbp_forum_subforum_count":0,"footnotes":""},"class_list":["post-4013","page","type-page","status-publish","hentry"],"_links":{"self":[{"href":"https:\/\/www.docentesdecanarias.org\/old\/wp-json\/wp\/v2\/pages\/4013","targetHints":{"allow":["GET"]}}],"collection":[{"href":"https:\/\/www.docentesdecanarias.org\/old\/wp-json\/wp\/v2\/pages"}],"about":[{"href":"https:\/\/www.docentesdecanarias.org\/old\/wp-json\/wp\/v2\/types\/page"}],"author":[{"embeddable":true,"href":"https:\/\/www.docentesdecanarias.org\/old\/wp-json\/wp\/v2\/users\/12"}],"replies":[{"embeddable":true,"href":"https:\/\/www.docentesdecanarias.org\/old\/wp-json\/wp\/v2\/comments?post=4013"}],"version-history":[{"count":63,"href":"https:\/\/www.docentesdecanarias.org\/old\/wp-json\/wp\/v2\/pages\/4013\/revisions"}],"predecessor-version":[{"id":5404,"href":"https:\/\/www.docentesdecanarias.org\/old\/wp-json\/wp\/v2\/pages\/4013\/revisions\/5404"}],"wp:attachment":[{"href":"https:\/\/www.docentesdecanarias.org\/old\/wp-json\/wp\/v2\/media?parent=4013"}],"curies":[{"name":"wp","href":"https:\/\/api.w.org\/{rel}","templated":true}]}}